{"id":386,"date":"2023-07-14T11:17:23","date_gmt":"2023-07-14T09:17:23","guid":{"rendered":"https:\/\/aura-haltero.fr\/?page_id=386"},"modified":"2023-07-30T11:34:32","modified_gmt":"2023-07-30T09:34:32","slug":"organisation-competition","status":"publish","type":"page","link":"https:\/\/aura-haltero.fr\/index.php\/organisation-competition\/","title":{"rendered":"Organisation Comp\u00e9tition"},"content":{"rendered":"\t\t<div data-elementor-type=\"wp-page\" data-elementor-id=\"386\" class=\"elementor elementor-386\" data-elementor-post-type=\"page\">\n\t\t\t\t\t\t<section class=\"elementor-section elementor-top-section elementor-element elementor-element-b0d5bb2 elementor-section-height-min-height elementor-section-content-middle elementor-section-boxed elementor-section-height-default elementor-section-items-middle\" data-id=\"b0d5bb2\" data-element_type=\"section\" data-settings=\"{&quot;background_background&quot;:&quot;classic&quot;}\">\n\t\t\t\t\t\t<div class=\"elementor-container elementor-column-gap-default\">\n\t\t\t\t\t<div class=\"elementor-column elementor-col-100 elementor-top-column elementor-element elementor-element-94a1f1d\" data-id=\"94a1f1d\" data-element_type=\"column\">\n\t\t\t<div class=\"elementor-widget-wrap elementor-element-populated\">\n\t\t\t\t\t\t<div class=\"elementor-element elementor-element-920b8ee elementor-widget elementor-widget-heading\" data-id=\"920b8ee\" data-element_type=\"widget\" data-widget_type=\"heading.default\">\n\t\t\t\t<div class=\"elementor-widget-container\">\n\t\t\t\t\t<h2 class=\"elementor-heading-title elementor-size-default\">Formulaire de demande\nd'organisation comp\u00e9tition<\/h2>\t\t\t\t<\/div>\n\t\t\t\t<\/div>\n\t\t\t\t\t<\/div>\n\t\t<\/div>\n\t\t\t\t\t<\/div>\n\t\t<\/section>\n\t\t\t\t<section class=\"elementor-section elementor-top-section elementor-element elementor-element-e6d048d elementor-section-boxed elementor-section-height-default elementor-section-height-default\" data-id=\"e6d048d\" data-element_type=\"section\" data-settings=\"{&quot;background_background&quot;:&quot;classic&quot;}\">\n\t\t\t\t\t\t<div class=\"elementor-container elementor-column-gap-default\">\n\t\t\t\t\t<div class=\"elementor-column elementor-col-100 elementor-top-column elementor-element elementor-element-0a281d6\" data-id=\"0a281d6\" data-element_type=\"column\">\n\t\t\t<div class=\"elementor-widget-wrap elementor-element-populated\">\n\t\t\t\t\t\t<div class=\"elementor-element elementor-element-58d39d1 elementor-widget elementor-widget-shortcode\" data-id=\"58d39d1\" data-element_type=\"widget\" data-widget_type=\"shortcode.default\">\n\t\t\t\t<div class=\"elementor-widget-container\">\n\t\t\t\t\t\t\t<div class=\"elementor-shortcode\"><div class=\"forminator-ui forminator-custom-form forminator-custom-form-385 forminator-design--flat  forminator_ajax\" data-forminator-render=\"0\" data-form=\"forminator-module-385\" data-uid=\"69df082db53ab\"><br\/><\/div><form\n\t\t\t\tid=\"forminator-module-385\"\n\t\t\t\tclass=\"forminator-ui forminator-custom-form forminator-custom-form-385 forminator-design--flat  forminator_ajax\"\n\t\t\t\tmethod=\"post\"\n\t\t\t\tdata-forminator-render=\"0\"\n\t\t\t\tdata-form-id=\"385\"\n\t\t\t\tenctype=\"multipart\/form-data\" data-color-option=\"default\" data-design=\"flat\" data-grid=\"open\" style=\"display: none;\"\n\t\t\t\tdata-uid=\"69df082db53ab\"\n\t\t\t><div role=\"alert\" aria-live=\"polite\" class=\"forminator-response-message forminator-error\" aria-hidden=\"true\"><\/div><div class=\"forminator-row\"><div id=\"name-1\" class=\"forminator-field-name forminator-col forminator-col-12 \"><div class=\"forminator-row forminator-no-margin\" data-multiple=\"true\"><div class=\"forminator-col forminator-col-md-6\"><div class=\"forminator-field\"><label for=\"forminator-field-first-name-1_69df082db53ab\" id=\"forminator-field-first-name-1_69df082db53ab-label\" class=\"forminator-label\">Pr\u00e9nom <span class=\"forminator-required\">*<\/span><\/label><input type=\"text\" name=\"name-1-first-name\" placeholder=\"Jean\" id=\"forminator-field-first-name-1_69df082db53ab\" class=\"forminator-input\" aria-required=\"true\" data-multi=\"1\" autocomplete=\"given-name\" value=\"\" \/><\/div><\/div><div class=\"forminator-col forminator-col-md-6\"><div class=\"forminator-field\"><label for=\"forminator-field-middle-name-1_69df082db53ab\" id=\"forminator-field-middle-name-1_69df082db53ab-label\" class=\"forminator-label\">Nom de famille <span class=\"forminator-required\">*<\/span><\/label><input type=\"text\" name=\"name-1-middle-name\" placeholder=\"Dupont\" id=\"forminator-field-middle-name-1_69df082db53ab\" class=\"forminator-input\" aria-required=\"true\" data-multi=\"1\" autocomplete=\"additional-name\" value=\"\" \/><\/div><\/div><div class=\"forminator-col forminator-col-md-6\"><div class=\"forminator-field\"><label for=\"forminator-field-last-name-1_69df082db53ab\" id=\"forminator-field-last-name-1_69df082db53ab-label\" class=\"forminator-label\">NOM DU CLUB <span class=\"forminator-required\">*<\/span><\/label><input type=\"text\" name=\"name-1-last-name\" placeholder=\"NOM DU CLUB\" id=\"forminator-field-last-name-1_69df082db53ab\" class=\"forminator-input\" aria-required=\"true\" data-multi=\"1\" autocomplete=\"family-name\" value=\"\" \/><\/div><\/div><\/div><\/div><\/div><div class=\"forminator-row\"><div id=\"select-1\" class=\"forminator-field-select forminator-col forminator-col-12 \"><div class=\"forminator-field\"><label for=\"forminator-form-385__field--select-1_69df082db53ab\" id=\"forminator-form-385__field--select-1_69df082db53ab-label\" class=\"forminator-label\">Type de Comp\u00e9tition<\/label><select  id=\"forminator-form-385__field--select-1_69df082db53ab\" class=\"forminator-select--field forminator-select2 forminator-select2-multiple\" data-required=\"\" name=\"select-1\" data-default-value=\"\" data-hidden-behavior=\"zero\" data-placeholder=\"\" data-search=\"false\" data-search-placeholder=\"\" data-checkbox=\"false\" data-allow-clear=\"false\" aria-labelledby=\"forminator-form-385__field--select-1_69df082db53ab-label\"><option value=\"one\"  data-calculation=\"0\">Challenge Avenir<\/option><option value=\"two\"  data-calculation=\"0\">Championnat D\u00e9partemental<\/option><option value=\"Autre\"  data-calculation=\"0\">Autre<\/option><\/select><\/div><\/div><\/div><div class=\"forminator-row\"><div id=\"date-1\" class=\"forminator-field-date forminator-col forminator-col-12 \"><div class=\"forminator-field\"><label for=\"forminator-field-date-1-picker_69df082db53ab\" id=\"forminator-field-date-1-picker_69df082db53ab-label\" class=\"forminator-label\">Date<\/label><div class=\"forminator-input-with-icon\"><span class=\"forminator-icon-calendar\" aria-hidden=\"true\"><\/span><input autocomplete=\"off\" type=\"text\" size=\"1\" name=\"date-1\" value=\"\" placeholder=\"Choisissez une date\" id=\"forminator-field-date-1-picker_69df082db53ab\" class=\"forminator-input forminator-datepicker\" data-required=\"\" data-format=\"mm\/dd\/yy\" data-restrict-type=\"\" data-restrict=\"\" data-start-year=\"1926\" data-end-year=\"2126\" data-past-dates=\"enable\" data-start-of-week=\"1\" data-start-date=\"\" data-end-date=\"\" data-start-field=\"\" data-end-field=\"\" data-start-offset=\"\" data-end-offset=\"\" data-disable-date=\"\" data-disable-range=\"\" \/><\/div><\/div><\/div><\/div><div class=\"forminator-row\"><div id=\"postdata-1\" class=\"forminator-field-postdata forminator-col forminator-col-12 \"><div class=\"forminator-row\"><div class=\"forminator-col forminator-col-12\"><div class=\"forminator-field\"><label for=\"forminator-field-post-title-postdata-1_69df082db53ab\" id=\"forminator-field-post-title-postdata-1_69df082db53ab-label\" class=\"forminator-label\">Nom de la Comp\u00e9tition<\/label><input type=\"text\" name=\"postdata-1-post-title\" placeholder=\"\" id=\"forminator-field-post-title-postdata-1_69df082db53ab\" class=\"forminator-input\" value=\"\" \/><\/div><\/div><\/div><div class=\"forminator-row\"><div class=\"forminator-col forminator-col-12\"><div class=\"forminator-field\"><div class=\"forminator-field--label\"><label for=\"forminator-wp-editor-forminator-field-post-content-postdata-1_69df082db53ab\" id=\"forminator-label-forminator-field-post-content-postdata-1_69df082db53ab\" class=\"forminator-label\">Informations \u00e0 publier<\/label><\/div><div id=\"wp-forminator-wp-editor-forminator-field-post-content-postdata-1_69df082db53ab-wrap\" class=\"wp-core-ui wp-editor-wrap tmce-active\"><link rel='stylesheet' id='dashicons-css' href='https:\/\/aura-haltero.fr\/wp-includes\/css\/dashicons.min.css?ver=6.9.4' media='all' \/>\n<link rel='stylesheet' id='editor-buttons-css' href='https:\/\/aura-haltero.fr\/wp-includes\/css\/editor.min.css?ver=6.9.4' media='all' \/>\n<div id=\"wp-forminator-wp-editor-forminator-field-post-content-postdata-1_69df082db53ab-editor-tools\" class=\"wp-editor-tools hide-if-no-js\"><div class=\"wp-editor-tabs\"><button type=\"button\" id=\"forminator-wp-editor-forminator-field-post-content-postdata-1_69df082db53ab-tmce\" aria-pressed=\"true\" class=\"wp-switch-editor switch-tmce\" data-wp-editor-id=\"forminator-wp-editor-forminator-field-post-content-postdata-1_69df082db53ab\">Visuel<\/button>\n<button type=\"button\" id=\"forminator-wp-editor-forminator-field-post-content-postdata-1_69df082db53ab-html\" class=\"wp-switch-editor switch-html\" data-wp-editor-id=\"forminator-wp-editor-forminator-field-post-content-postdata-1_69df082db53ab\">Code<\/button>\n<\/div>\n<\/div>\n<div id=\"wp-forminator-wp-editor-forminator-field-post-content-postdata-1_69df082db53ab-editor-container\" class=\"wp-editor-container\"><div id=\"qt_forminator-wp-editor-forminator-field-post-content-postdata-1_69df082db53ab_toolbar\" class=\"quicktags-toolbar hide-if-no-js\"><\/div><textarea class=\"forminator-textarea wp-editor-area\" style=\"height: 140px\" autocomplete=\"off\" cols=\"40\" name=\"postdata-1-post-content\" id=\"forminator-wp-editor-forminator-field-post-content-postdata-1_69df082db53ab\"><\/textarea><\/div>\n<\/div>\n\n<\/div><\/div><\/div><div class=\"forminator-row\"><div class=\"forminator-col forminator-col-12\"><div class=\"forminator-field\"><label for=\"forminator-field-post-excerpt-postdata-1_69df082db53ab\" id=\"forminator-field-post-excerpt-postdata-1_69df082db53ab-label\" class=\"forminator-label\">Lieu<\/label><input type=\"textarea\" name=\"postdata-1-post-excerpt\" placeholder=\"\" id=\"forminator-field-post-excerpt-postdata-1_69df082db53ab\" class=\"forminator-textarea\" value=\"\" \/><\/div><\/div><\/div><div class=\"forminator-row\"><div class=\"forminator-col forminator-col-12\"><div class=\"forminator-field\"><label for=\"forminator-field-post-image-postdata-1_69df082db53ab\" id=\"forminator-field-post-image-postdata-1_69df082db53ab-label\" class=\"forminator-label\">Affiche ou logo<\/label><div class=\"forminator-file-upload \" data-element=\"post-image-postdata-1_69df082db53ab\"><input type=\"file\" name=\"postdata-1-post-image\" id=\"forminator-field-post-image-postdata-1_69df082db53ab\" class=\"forminator-input-file\" accept=\".jpg,.jpeg,.jpe,.gif,.png,.bmp\" tabindex=\"-1\"><button id=\"forminator-field-post-image-postdata-1_69df082db53ab_button\" class=\"forminator-button forminator-button-upload\" data-id=\"forminator-field-post-image-postdata-1_69df082db53ab\">Choisissez un fichier<\/button><span data-empty-text=\"Aucun fichier s\u00e9lectionn\u00e9\">Aucun fichier s\u00e9lectionn\u00e9<\/span><button class=\"forminator-button-delete\" style=\"display: none;\"><i class=\"forminator-icon-close\" aria-hidden=\"true\"><\/i><span class=\"forminator-screen-reader-only\">Supprimer le fichier t\u00e9l\u00e9vers\u00e9<\/span><\/button><\/div><\/div><\/div><\/div><div class=\"forminator-row\"><div class=\"forminator-col forminator-col-12\"><div class=\"forminator-field\"><label for=\"postdata-1-field\" id=\"postdata-1-field-label\" class=\"forminator-label\">Secteur<\/label><div class=\"forminator-multiselect\"><label for=\"postdata-1-1-post_tag\" class=\"forminator-option\"><input type=\"checkbox\" name=\"postdata-1-post_tag[]\" value=\"19\" id=\"postdata-1-1-post_tag\"  \/>AIN<\/label><label for=\"postdata-1-2-post_tag\" class=\"forminator-option\"><input type=\"checkbox\" name=\"postdata-1-post_tag[]\" value=\"9\" id=\"postdata-1-2-post_tag\"  \/>AUV<\/label><label for=\"postdata-1-3-post_tag\" class=\"forminator-option\"><input type=\"checkbox\" name=\"postdata-1-post_tag[]\" value=\"10\" id=\"postdata-1-3-post_tag\"  \/>DSA<\/label><label for=\"postdata-1-4-post_tag\" class=\"forminator-option\"><input type=\"checkbox\" name=\"postdata-1-post_tag[]\" value=\"11\" id=\"postdata-1-4-post_tag\"  \/>LYO<\/label><label for=\"postdata-1-5-post_tag\" class=\"forminator-option\"><input type=\"checkbox\" name=\"postdata-1-post_tag[]\" value=\"20\" id=\"postdata-1-5-post_tag\"  \/>Sur s\u00e9l\u00e9ction des meilleurs athl\u00e8tes U15-U17 et U20 de la ligue. 2 \u00e9quipes de 3 F + 3 H.<\/label><\/div><span id=\"postdata-1-post_tag-description\" class=\"forminator-description\">AUV ou DSA ou LYO<\/span><\/div><\/div><\/div><\/div><\/div><input type=\"hidden\" name=\"referer_url\" value=\"\" \/><div class=\"forminator-row forminator-row-last\"><div class=\"forminator-col\"><div class=\"forminator-field\"><button class=\"forminator-button forminator-button-submit\">Demande d&#039;organisation de comp&eacute;tition<\/button><\/div><\/div><\/div><input type=\"hidden\" id=\"forminator_nonce\" name=\"forminator_nonce\" value=\"69fcd75b62\" \/><input type=\"hidden\" name=\"_wp_http_referer\" value=\"\/index.php\/wp-json\/wp\/v2\/pages\/386\" \/><input type=\"hidden\" name=\"form_id\" value=\"385\"><input type=\"hidden\" name=\"page_id\" value=\"386\"><input type=\"hidden\" name=\"form_type\" value=\"default\"><input type=\"hidden\" name=\"current_url\" value=\"https:\/\/aura-haltero.fr\/index.php\/organisation-competition\/\"><input type=\"hidden\" name=\"render_id\" value=\"0\"><input type=\"hidden\" name=\"action\" value=\"forminator_submit_form_custom-forms\"><\/form><\/div>\n\t\t\t\t\t\t<\/div>\n\t\t\t\t<\/div>\n\t\t\t\t\t<\/div>\n\t\t<\/div>\n\t\t\t\t\t<\/div>\n\t\t<\/section>\n\t\t\t\t<\/div>\n\t\t","protected":false},"excerpt":{"rendered":"<p>Formulaire de demande d&rsquo;organisation comp\u00e9tition<\/p>\n","protected":false},"author":2,"featured_media":0,"parent":0,"menu_order":0,"comment_status":"closed","ping_status":"closed","template":"","meta":{"footnotes":""},"class_list":["post-386","page","type-page","status-publish","hentry"],"yoast_head":"<!-- This site is optimized with the Yoast SEO plugin v27.4 - https:\/\/yoast.com\/product\/yoast-seo-wordpress\/ -->\n<title>Organisation Comp\u00e9tition - LAURAHM<\/title>\n<meta name=\"robots\" content=\"index, follow, max-snippet:-1, max-image-preview:large, max-video-preview:-1\" \/>\n<link rel=\"canonical\" href=\"https:\/\/aura-haltero.fr\/index.php\/organisation-competition\/\" \/>\n<meta property=\"og:locale\" content=\"fr_FR\" \/>\n<meta property=\"og:type\" content=\"article\" \/>\n<meta property=\"og:title\" content=\"Organisation Comp\u00e9tition - LAURAHM\" \/>\n<meta property=\"og:description\" content=\"Formulaire de demande d&rsquo;organisation comp\u00e9tition\" \/>\n<meta property=\"og:url\" content=\"https:\/\/aura-haltero.fr\/index.php\/organisation-competition\/\" \/>\n<meta property=\"og:site_name\" content=\"LAURAHM\" \/>\n<meta property=\"article:publisher\" content=\"https:\/\/www.facebook.com\/LigueAURAHM\" \/>\n<meta property=\"article:modified_time\" content=\"2023-07-30T09:34:32+00:00\" \/>\n<meta name=\"twitter:card\" content=\"summary_large_image\" \/>\n<script type=\"application\/ld+json\" class=\"yoast-schema-graph\">{\"@context\":\"https:\\\/\\\/schema.org\",\"@graph\":[{\"@type\":\"WebPage\",\"@id\":\"https:\\\/\\\/aura-haltero.fr\\\/index.php\\\/organisation-competition\\\/\",\"url\":\"https:\\\/\\\/aura-haltero.fr\\\/index.php\\\/organisation-competition\\\/\",\"name\":\"Organisation Comp\u00e9tition - LAURAHM\",\"isPartOf\":{\"@id\":\"https:\\\/\\\/aura-haltero.fr\\\/#website\"},\"datePublished\":\"2023-07-14T09:17:23+00:00\",\"dateModified\":\"2023-07-30T09:34:32+00:00\",\"breadcrumb\":{\"@id\":\"https:\\\/\\\/aura-haltero.fr\\\/index.php\\\/organisation-competition\\\/#breadcrumb\"},\"inLanguage\":\"fr-FR\",\"potentialAction\":[{\"@type\":\"ReadAction\",\"target\":[\"https:\\\/\\\/aura-haltero.fr\\\/index.php\\\/organisation-competition\\\/\"]}]},{\"@type\":\"BreadcrumbList\",\"@id\":\"https:\\\/\\\/aura-haltero.fr\\\/index.php\\\/organisation-competition\\\/#breadcrumb\",\"itemListElement\":[{\"@type\":\"ListItem\",\"position\":1,\"name\":\"Accueil\",\"item\":\"https:\\\/\\\/aura-haltero.fr\\\/\"},{\"@type\":\"ListItem\",\"position\":2,\"name\":\"Organisation Comp\u00e9tition\"}]},{\"@type\":\"WebSite\",\"@id\":\"https:\\\/\\\/aura-haltero.fr\\\/#website\",\"url\":\"https:\\\/\\\/aura-haltero.fr\\\/\",\"name\":\"LAURAHM\",\"description\":\"Ligue AURA Halt\u00e9rophilie-Musculation\",\"publisher\":{\"@id\":\"https:\\\/\\\/aura-haltero.fr\\\/#organization\"},\"potentialAction\":[{\"@type\":\"SearchAction\",\"target\":{\"@type\":\"EntryPoint\",\"urlTemplate\":\"https:\\\/\\\/aura-haltero.fr\\\/?s={search_term_string}\"},\"query-input\":{\"@type\":\"PropertyValueSpecification\",\"valueRequired\":true,\"valueName\":\"search_term_string\"}}],\"inLanguage\":\"fr-FR\"},{\"@type\":\"Organization\",\"@id\":\"https:\\\/\\\/aura-haltero.fr\\\/#organization\",\"name\":\"Ligue Auvergne Rh\u00f4ne Alpes d'Halt\u00e9rophilie-Musculation\",\"url\":\"https:\\\/\\\/aura-haltero.fr\\\/\",\"logo\":{\"@type\":\"ImageObject\",\"inLanguage\":\"fr-FR\",\"@id\":\"https:\\\/\\\/aura-haltero.fr\\\/#\\\/schema\\\/logo\\\/image\\\/\",\"url\":\"https:\\\/\\\/aura-haltero.fr\\\/wp-content\\\/uploads\\\/2023\\\/07\\\/Nouveau-logo-ligue-2.png\",\"contentUrl\":\"https:\\\/\\\/aura-haltero.fr\\\/wp-content\\\/uploads\\\/2023\\\/07\\\/Nouveau-logo-ligue-2.png\",\"width\":1399,\"height\":1398,\"caption\":\"Ligue Auvergne Rh\u00f4ne Alpes d'Halt\u00e9rophilie-Musculation\"},\"image\":{\"@id\":\"https:\\\/\\\/aura-haltero.fr\\\/#\\\/schema\\\/logo\\\/image\\\/\"},\"sameAs\":[\"https:\\\/\\\/www.facebook.com\\\/LigueAURAHM\",\"https:\\\/\\\/www.instagram.com\\\/ligueaurahm\\\/\"]}]}<\/script>\n<!-- \/ Yoast SEO plugin. -->","yoast_head_json":{"title":"Organisation Comp\u00e9tition - LAURAHM","robots":{"index":"index","follow":"follow","max-snippet":"max-snippet:-1","max-image-preview":"max-image-preview:large","max-video-preview":"max-video-preview:-1"},"canonical":"https:\/\/aura-haltero.fr\/index.php\/organisation-competition\/","og_locale":"fr_FR","og_type":"article","og_title":"Organisation Comp\u00e9tition - LAURAHM","og_description":"Formulaire de demande d&rsquo;organisation comp\u00e9tition","og_url":"https:\/\/aura-haltero.fr\/index.php\/organisation-competition\/","og_site_name":"LAURAHM","article_publisher":"https:\/\/www.facebook.com\/LigueAURAHM","article_modified_time":"2023-07-30T09:34:32+00:00","twitter_card":"summary_large_image","schema":{"@context":"https:\/\/schema.org","@graph":[{"@type":"WebPage","@id":"https:\/\/aura-haltero.fr\/index.php\/organisation-competition\/","url":"https:\/\/aura-haltero.fr\/index.php\/organisation-competition\/","name":"Organisation Comp\u00e9tition - LAURAHM","isPartOf":{"@id":"https:\/\/aura-haltero.fr\/#website"},"datePublished":"2023-07-14T09:17:23+00:00","dateModified":"2023-07-30T09:34:32+00:00","breadcrumb":{"@id":"https:\/\/aura-haltero.fr\/index.php\/organisation-competition\/#breadcrumb"},"inLanguage":"fr-FR","potentialAction":[{"@type":"ReadAction","target":["https:\/\/aura-haltero.fr\/index.php\/organisation-competition\/"]}]},{"@type":"BreadcrumbList","@id":"https:\/\/aura-haltero.fr\/index.php\/organisation-competition\/#breadcrumb","itemListElement":[{"@type":"ListItem","position":1,"name":"Accueil","item":"https:\/\/aura-haltero.fr\/"},{"@type":"ListItem","position":2,"name":"Organisation Comp\u00e9tition"}]},{"@type":"WebSite","@id":"https:\/\/aura-haltero.fr\/#website","url":"https:\/\/aura-haltero.fr\/","name":"LAURAHM","description":"Ligue AURA Halt\u00e9rophilie-Musculation","publisher":{"@id":"https:\/\/aura-haltero.fr\/#organization"},"potentialAction":[{"@type":"SearchAction","target":{"@type":"EntryPoint","urlTemplate":"https:\/\/aura-haltero.fr\/?s={search_term_string}"},"query-input":{"@type":"PropertyValueSpecification","valueRequired":true,"valueName":"search_term_string"}}],"inLanguage":"fr-FR"},{"@type":"Organization","@id":"https:\/\/aura-haltero.fr\/#organization","name":"Ligue Auvergne Rh\u00f4ne Alpes d'Halt\u00e9rophilie-Musculation","url":"https:\/\/aura-haltero.fr\/","logo":{"@type":"ImageObject","inLanguage":"fr-FR","@id":"https:\/\/aura-haltero.fr\/#\/schema\/logo\/image\/","url":"https:\/\/aura-haltero.fr\/wp-content\/uploads\/2023\/07\/Nouveau-logo-ligue-2.png","contentUrl":"https:\/\/aura-haltero.fr\/wp-content\/uploads\/2023\/07\/Nouveau-logo-ligue-2.png","width":1399,"height":1398,"caption":"Ligue Auvergne Rh\u00f4ne Alpes d'Halt\u00e9rophilie-Musculation"},"image":{"@id":"https:\/\/aura-haltero.fr\/#\/schema\/logo\/image\/"},"sameAs":["https:\/\/www.facebook.com\/LigueAURAHM","https:\/\/www.instagram.com\/ligueaurahm\/"]}]}},"jetpack_sharing_enabled":true,"_links":{"self":[{"href":"https:\/\/aura-haltero.fr\/index.php\/wp-json\/wp\/v2\/pages\/386","targetHints":{"allow":["GET"]}}],"collection":[{"href":"https:\/\/aura-haltero.fr\/index.php\/wp-json\/wp\/v2\/pages"}],"about":[{"href":"https:\/\/aura-haltero.fr\/index.php\/wp-json\/wp\/v2\/types\/page"}],"author":[{"embeddable":true,"href":"https:\/\/aura-haltero.fr\/index.php\/wp-json\/wp\/v2\/users\/2"}],"replies":[{"embeddable":true,"href":"https:\/\/aura-haltero.fr\/index.php\/wp-json\/wp\/v2\/comments?post=386"}],"version-history":[{"count":19,"href":"https:\/\/aura-haltero.fr\/index.php\/wp-json\/wp\/v2\/pages\/386\/revisions"}],"predecessor-version":[{"id":774,"href":"https:\/\/aura-haltero.fr\/index.php\/wp-json\/wp\/v2\/pages\/386\/revisions\/774"}],"wp:attachment":[{"href":"https:\/\/aura-haltero.fr\/index.php\/wp-json\/wp\/v2\/media?parent=386"}],"curies":[{"name":"wp","href":"https:\/\/api.w.org\/{rel}","templated":true}]}}