{"id":286,"date":"2023-07-13T11:24:24","date_gmt":"2023-07-13T09:24:24","guid":{"rendered":"https:\/\/aura-haltero.fr\/?page_id=286"},"modified":"2025-02-04T17:56:11","modified_gmt":"2025-02-04T16:56:11","slug":"ligue","status":"publish","type":"page","link":"https:\/\/aura-haltero.fr\/index.php\/ligue\/","title":{"rendered":"Ligue"},"content":{"rendered":"\t\t<div data-elementor-type=\"wp-page\" data-elementor-id=\"286\" class=\"elementor elementor-286\" data-elementor-post-type=\"page\">\n\t\t\t\t\t\t<section class=\"elementor-section elementor-top-section elementor-element elementor-element-1a68ab6 elementor-section-full_width elementor-section-height-default elementor-section-height-default\" data-id=\"1a68ab6\" data-element_type=\"section\">\n\t\t\t\t\t\t<div class=\"elementor-container elementor-column-gap-default\">\n\t\t\t\t\t<div class=\"elementor-column elementor-col-50 elementor-top-column elementor-element elementor-element-1335173\" data-id=\"1335173\" data-element_type=\"column\" data-settings=\"{&quot;background_background&quot;:&quot;classic&quot;}\">\n\t\t\t<div class=\"elementor-widget-wrap elementor-element-populated\">\n\t\t\t\t\t\t<div class=\"elementor-element elementor-element-0abb223 elementor-hidden-desktop elementor-hidden-tablet elementor-widget elementor-widget-spacer\" data-id=\"0abb223\" data-element_type=\"widget\" data-widget_type=\"spacer.default\">\n\t\t\t\t<div class=\"elementor-widget-container\">\n\t\t\t\t\t\t\t<div class=\"elementor-spacer\">\n\t\t\t<div class=\"elementor-spacer-inner\"><\/div>\n\t\t<\/div>\n\t\t\t\t\t\t<\/div>\n\t\t\t\t<\/div>\n\t\t\t\t\t<\/div>\n\t\t<\/div>\n\t\t\t\t<div class=\"elementor-column elementor-col-50 elementor-top-column elementor-element elementor-element-d597d52\" data-id=\"d597d52\" data-element_type=\"column\">\n\t\t\t<div class=\"elementor-widget-wrap elementor-element-populated\">\n\t\t\t\t\t\t<div class=\"elementor-element elementor-element-03fe668 elementor-widget elementor-widget-heading\" data-id=\"03fe668\" data-element_type=\"widget\" data-widget_type=\"heading.default\">\n\t\t\t\t<div class=\"elementor-widget-container\">\n\t\t\t\t\t<h2 class=\"elementor-heading-title elementor-size-default\">La Ligue Auvergne Rh\u00f4ne-Alpes d'Halt\u00e9rophilie-Musculation<\/h2>\t\t\t\t<\/div>\n\t\t\t\t<\/div>\n\t\t\t\t<div class=\"elementor-element elementor-element-8f27404 elementor-widget elementor-widget-text-editor\" data-id=\"8f27404\" data-element_type=\"widget\" data-widget_type=\"text-editor.default\">\n\t\t\t\t<div class=\"elementor-widget-container\">\n\t\t\t\t\t\t\t\t\t<header class=\"entry-header\"><p>La ligue Auvergne Rhone-Alpes nait le 22 janvier 2017 de la fusion des comit\u00e9s r\u00e9gionaux d&rsquo;Auvergne et de Rhone-Alpesdans le cadre de la Loi NoTre portant sur la nouvelle organisation territoriale de la R\u00e9publique et la modification du d\u00e9coupage des r\u00e9gions. D\u00e9j\u00e0 en 2002 le comit\u00e9 du Dauphin\u00e9 Savoie et le Comit\u00e9 du Lyonnais avait choisi de se rapprocher pour se mettre en conformit\u00e9 avec le d\u00e9coupage des r\u00e9gions administratives.<\/p><\/header>\t\t\t\t\t\t\t\t<\/div>\n\t\t\t\t<\/div>\n\t\t\t\t<div class=\"elementor-element elementor-element-833eee3 elementor-align-left elementor-mobile-align-center elementor-widget elementor-widget-button\" data-id=\"833eee3\" data-element_type=\"widget\" data-widget_type=\"button.default\">\n\t\t\t\t<div class=\"elementor-widget-container\">\n\t\t\t\t\t\t\t\t\t<div class=\"elementor-button-wrapper\">\n\t\t\t\t\t<a class=\"elementor-button elementor-button-link elementor-size-sm\" href=\"https:\/\/aura-haltero.fr\/wp-content\/uploads\/2025\/02\/STATUTS-LIGUE-AURA-adoptes-par-AGE-du-29-Sept-2024.pdf\" target=\"_blank\">\n\t\t\t\t\t\t<span class=\"elementor-button-content-wrapper\">\n\t\t\t\t\t\t\t\t\t<span class=\"elementor-button-text\">Consulter nos statuts<\/span>\n\t\t\t\t\t<\/span>\n\t\t\t\t\t<\/a>\n\t\t\t\t<\/div>\n\t\t\t\t\t\t\t\t<\/div>\n\t\t\t\t<\/div>\n\t\t\t\t\t<\/div>\n\t\t<\/div>\n\t\t\t\t\t<\/div>\n\t\t<\/section>\n\t\t\t\t<section class=\"elementor-section elementor-top-section elementor-element elementor-element-4017e18 elementor-section-full_width elementor-section-height-default elementor-section-height-default\" data-id=\"4017e18\" data-element_type=\"section\">\n\t\t\t\t\t\t<div class=\"elementor-container elementor-column-gap-default\">\n\t\t\t\t\t<div class=\"elementor-column elementor-col-50 elementor-top-column elementor-element elementor-element-aadea06\" data-id=\"aadea06\" data-element_type=\"column\">\n\t\t\t<div class=\"elementor-widget-wrap elementor-element-populated\">\n\t\t\t\t\t\t<div class=\"elementor-element elementor-element-6ad9a8a elementor-widget elementor-widget-heading\" data-id=\"6ad9a8a\" data-element_type=\"widget\" data-widget_type=\"heading.default\">\n\t\t\t\t<div class=\"elementor-widget-container\">\n\t\t\t\t\t<h2 class=\"elementor-heading-title elementor-size-default\">NOS ACTIONS<\/h2>\t\t\t\t<\/div>\n\t\t\t\t<\/div>\n\t\t\t\t<div class=\"elementor-element elementor-element-27b8117 elementor-widget elementor-widget-text-editor\" data-id=\"27b8117\" data-element_type=\"widget\" data-widget_type=\"text-editor.default\">\n\t\t\t\t<div class=\"elementor-widget-container\">\n\t\t\t\t\t\t\t\t\t<header class=\"entry-header\"><p><strong>Comp\u00e9tition<\/strong><\/p><p>La Ligue organise les comp\u00e9titions de niveau r\u00e9gional, et accompagne les clubs et comit\u00e9s d\u00e9partementaux dans l&rsquo;organisation de finales nationales et de comp\u00e9titions internationales. Les comp\u00e9titions sont organis\u00e9es sur 3 secteurs pour plus de proximit\u00e9:<\/p><p>&gt; Auvergne: Allier (03), Cantal (15), Loire (42), Haute-Loire (43) et Puy-de-D\u00f4me (63)<\/p><p>&gt; Dauphin\u00e9-Savpoe: Ard\u00e8che (07), Dr\u00f4me (26), Is\u00e8re (38), Savoie (73) et Haute-Savoie (74)<\/p><p>&gt; Lyonnais : Ain (01), et Rh\u00f4ne\/M\u00e9tropole de Lyon (69)<\/p><p><strong>Formation<\/strong><\/p><p>La ligue propose une large offre de formation \u00e0 l&rsquo;encadrement de l&rsquo;halt\u00e9rophilie et de la musculation: Brevtes F\u00e9d\u00e9raux, Coach Haltero, Coach Muscu Fonctionnelle, Coach Muscu Sant\u00e9.<\/p><p>La ligue conventionne aussi avec diiferents organismes de formations pr\u00e9parant \u00e0 l&rsquo;obtention du BPJEPS \u00e9ducateur sportif &#8211; AF &#8211; Halt\u00e9rophilie-Musculation.<\/p><p><strong>Haut Niveau<\/strong><\/p><p>La Ligue Auvergne Rh\u00f4ne Alpes a cr\u00e9\u00e9 en 2023 un Centre Local d\u2019Entra\u00eenement (CLE), reconnue par la f\u00e9d\u00e9ration au sein du Projet de Performance F\u00e9d\u00e9ral, en tant que structure d&rsquo;accession au Haut Niveau. Le Centre Local d&rsquo;entra\u00eenement est un dispositif r\u00e9gional vers lequel convergent des moyens\u00a0 humains, logistiques et financiers d\u00e9termin\u00e9s par la politique de la Ligue R\u00e9gionale.<\/p><p>Le CLE est bas\u00e9 \u00e0 Saint Marcellin, et effectue une itin\u00e9rance (pendant les weekend et les vacances scolaires) au sein des clubs des athl\u00e8tes du collectif, et \u00e9ventuellement d\u2019autres structures r\u00e9gionales. L&rsquo;entrainement est assur\u00e9 par Enzo MENONI, soutenu dans sa mission par le Conseiller Technique R\u00e9gional David CHABROUD qui coordonne la structure.<\/p><p>Le CLE se veut constituer le trait d\u2019union local entre les clubs et les structures de haut-niveau de la f\u00e9d\u00e9ration. Ce dispositif doit favoriser l\u2019\u00e9mergence d\u2019une dynamique r\u00e9gionale, source de motivation, de reconnaissance et de progr\u00e8s.\u00a0 C&rsquo;est une possibilit\u00e9 d\u2019accompagnement des athl\u00e8tes, d\u2019\u00e9mergence de jeunes talents et un possible tremplin afin d\u2019acc\u00e9der au haut niveau de pratique sportive.<\/p><p>Les athl\u00e8tes du collectif du CLE AURA, issus des cat\u00e9gories minimes aux juniors beneficient, en plus de l&rsquo;entrainement dispens\u00e9s par les clubs :\u00a0<\/p><p>&#8211; de stages d\u2019entra\u00eenement r\u00e9guliers (itin\u00e9rance au sein des clubs d\u2019appartenance des athl\u00e8tes) en week-end et vacances scolaires<\/p><p>&#8211; de conseils techniques et d\u2019un suivi d\u2019entra\u00eenement et de pr\u00e9paration physique<\/p><p>&#8211; d\u2019un entra\u00eenement en salle encadr\u00e9 au Club de Saint Marcellin selon les disponibilit\u00e9s de chacun<\/p><\/header><p>\u00a0<\/p><p><strong>D\u00e9veloppement<\/strong><\/p><p>La ligue promeut la pratique de l&rsquo;Halt\u00e9rophilie et de la Musculation au travers de diverses actions telles que l&rsquo;Haltero-Muscu Tour, le partenariat avec des \u00e9tablissements scolaires, l&rsquo;organisation de colloques et s\u00e9minaires.<\/p>\t\t\t\t\t\t\t\t<\/div>\n\t\t\t\t<\/div>\n\t\t\t\t\t<\/div>\n\t\t<\/div>\n\t\t\t\t<div class=\"elementor-column elementor-col-50 elementor-top-column elementor-element elementor-element-d6f5717\" data-id=\"d6f5717\" data-element_type=\"column\" data-settings=\"{&quot;background_background&quot;:&quot;classic&quot;}\">\n\t\t\t<div class=\"elementor-widget-wrap elementor-element-populated\">\n\t\t\t\t\t\t<div class=\"elementor-element elementor-element-42f292b elementor-hidden-desktop elementor-hidden-tablet elementor-widget elementor-widget-spacer\" data-id=\"42f292b\" data-element_type=\"widget\" data-widget_type=\"spacer.default\">\n\t\t\t\t<div class=\"elementor-widget-container\">\n\t\t\t\t\t\t\t<div class=\"elementor-spacer\">\n\t\t\t<div class=\"elementor-spacer-inner\"><\/div>\n\t\t<\/div>\n\t\t\t\t\t\t<\/div>\n\t\t\t\t<\/div>\n\t\t\t\t\t<\/div>\n\t\t<\/div>\n\t\t\t\t\t<\/div>\n\t\t<\/section>\n\t\t\t\t<section class=\"elementor-section elementor-top-section elementor-element elementor-element-639cbfc elementor-section-full_width elementor-reverse-mobile elementor-section-height-default elementor-section-height-default\" data-id=\"639cbfc\" data-element_type=\"section\">\n\t\t\t\t\t\t<div class=\"elementor-container elementor-column-gap-default\">\n\t\t\t\t\t<div class=\"elementor-column elementor-col-50 elementor-top-column elementor-element elementor-element-cb16bde\" data-id=\"cb16bde\" data-element_type=\"column\" data-settings=\"{&quot;background_background&quot;:&quot;classic&quot;}\">\n\t\t\t<div class=\"elementor-widget-wrap elementor-element-populated\">\n\t\t\t\t\t\t<div class=\"elementor-element elementor-element-dca65e6 elementor-hidden-desktop elementor-hidden-tablet elementor-widget elementor-widget-spacer\" data-id=\"dca65e6\" data-element_type=\"widget\" data-widget_type=\"spacer.default\">\n\t\t\t\t<div class=\"elementor-widget-container\">\n\t\t\t\t\t\t\t<div class=\"elementor-spacer\">\n\t\t\t<div class=\"elementor-spacer-inner\"><\/div>\n\t\t<\/div>\n\t\t\t\t\t\t<\/div>\n\t\t\t\t<\/div>\n\t\t\t\t\t<\/div>\n\t\t<\/div>\n\t\t\t\t<div class=\"elementor-column elementor-col-50 elementor-top-column elementor-element elementor-element-a68d334\" data-id=\"a68d334\" data-element_type=\"column\">\n\t\t\t<div class=\"elementor-widget-wrap elementor-element-populated\">\n\t\t\t\t\t\t<div class=\"elementor-element elementor-element-e145d5b elementor-widget elementor-widget-heading\" data-id=\"e145d5b\" data-element_type=\"widget\" data-widget_type=\"heading.default\">\n\t\t\t\t<div class=\"elementor-widget-container\">\n\t\t\t\t\t<h2 class=\"elementor-heading-title elementor-size-default\">NOS disciplines<\/h2>\t\t\t\t<\/div>\n\t\t\t\t<\/div>\n\t\t\t\t<div class=\"elementor-element elementor-element-d051264 elementor-widget elementor-widget-text-editor\" data-id=\"d051264\" data-element_type=\"widget\" data-widget_type=\"text-editor.default\">\n\t\t\t\t<div class=\"elementor-widget-container\">\n\t\t\t\t\t\t\t\t\t<p><strong>Halt\u00e9rophilie<\/strong><\/p><p>Sport olympique, depuis les 1e Jeux Olympiques de l&rsquo;\u00e8re moderne (Anthenes 1896), l&rsquo;halt\u00e9rophilie est pratiqu\u00e9e dans 193 pays \u00e0 travers le monde. L&rsquo;Halt\u00e9rophilie est un exercice qui demande force, souplesse et dynamisme. Ce sport se d\u00e9compose en deux mouvements qui sont respectivement : l&rsquo;arrach\u00e9 et l&rsquo;\u00e9paul\u00e9-jet\u00e9.<\/p><p><strong>Musculation<\/strong><\/p><p>C\u2019est une activit\u00e9 dont le but est de faire travailler ses muscles, avec une r\u00e9sistance qui peut \u00eatre le poids du corps ou une charge. Les diff\u00e9rentes m\u00e9thodes de Musculation permettent de travailler toutes les qualit\u00e9s physiques : endurance, puissance, force, tonicit\u00e9 musculaire, volume musculaire&#8230;<\/p>\t\t\t\t\t\t\t\t<\/div>\n\t\t\t\t<\/div>\n\t\t\t\t\t<\/div>\n\t\t<\/div>\n\t\t\t\t\t<\/div>\n\t\t<\/section>\n\t\t\t\t<\/div>\n\t\t","protected":false},"excerpt":{"rendered":"<p>La Ligue Auvergne Rh\u00f4ne-Alpes d&rsquo;Halt\u00e9rophilie-Musculation La ligue Auvergne Rhone-Alpes nait le 22 janvier 2017 de la fusion des comit\u00e9s r\u00e9gionaux d&rsquo;Auvergne et de Rhone-Alpesdans le cadre de la Loi NoTre portant sur la nouvelle organisation territoriale de la R\u00e9publique et la modification du d\u00e9coupage des r\u00e9gions. D\u00e9j\u00e0 en 2002 le comit\u00e9 du Dauphin\u00e9 Savoie et [&hellip;]<\/p>\n","protected":false},"author":2,"featured_media":0,"parent":0,"menu_order":0,"comment_status":"closed","ping_status":"closed","template":"","meta":{"footnotes":""},"class_list":["post-286","page","type-page","status-publish","hentry"],"yoast_head":"<!-- This site is optimized with the Yoast SEO plugin v27.4 - https:\/\/yoast.com\/product\/yoast-seo-wordpress\/ -->\n<title>Ligue - LAURAHM<\/title>\n<meta name=\"robots\" content=\"index, follow, max-snippet:-1, max-image-preview:large, max-video-preview:-1\" \/>\n<link rel=\"canonical\" href=\"https:\/\/aura-haltero.fr\/index.php\/ligue\/\" \/>\n<meta property=\"og:locale\" content=\"fr_FR\" \/>\n<meta property=\"og:type\" content=\"article\" \/>\n<meta property=\"og:title\" content=\"Ligue - LAURAHM\" \/>\n<meta property=\"og:description\" content=\"La Ligue Auvergne Rh\u00f4ne-Alpes d&rsquo;Halt\u00e9rophilie-Musculation La ligue Auvergne Rhone-Alpes nait le 22 janvier 2017 de la fusion des comit\u00e9s r\u00e9gionaux d&rsquo;Auvergne et de Rhone-Alpesdans le cadre de la Loi NoTre portant sur la nouvelle organisation territoriale de la R\u00e9publique et la modification du d\u00e9coupage des r\u00e9gions. D\u00e9j\u00e0 en 2002 le comit\u00e9 du Dauphin\u00e9 Savoie et [&hellip;]\" \/>\n<meta property=\"og:url\" content=\"https:\/\/aura-haltero.fr\/index.php\/ligue\/\" \/>\n<meta property=\"og:site_name\" content=\"LAURAHM\" \/>\n<meta property=\"article:publisher\" content=\"https:\/\/www.facebook.com\/LigueAURAHM\" \/>\n<meta property=\"article:modified_time\" content=\"2025-02-04T16:56:11+00:00\" \/>\n<meta name=\"twitter:card\" content=\"summary_large_image\" \/>\n<meta name=\"twitter:label1\" content=\"Dur\u00e9e de lecture estim\u00e9e\" \/>\n\t<meta name=\"twitter:data1\" content=\"3 minutes\" \/>\n<script type=\"application\/ld+json\" class=\"yoast-schema-graph\">{\"@context\":\"https:\\\/\\\/schema.org\",\"@graph\":[{\"@type\":\"WebPage\",\"@id\":\"https:\\\/\\\/aura-haltero.fr\\\/index.php\\\/ligue\\\/\",\"url\":\"https:\\\/\\\/aura-haltero.fr\\\/index.php\\\/ligue\\\/\",\"name\":\"Ligue - LAURAHM\",\"isPartOf\":{\"@id\":\"https:\\\/\\\/aura-haltero.fr\\\/#website\"},\"datePublished\":\"2023-07-13T09:24:24+00:00\",\"dateModified\":\"2025-02-04T16:56:11+00:00\",\"breadcrumb\":{\"@id\":\"https:\\\/\\\/aura-haltero.fr\\\/index.php\\\/ligue\\\/#breadcrumb\"},\"inLanguage\":\"fr-FR\",\"potentialAction\":[{\"@type\":\"ReadAction\",\"target\":[\"https:\\\/\\\/aura-haltero.fr\\\/index.php\\\/ligue\\\/\"]}]},{\"@type\":\"BreadcrumbList\",\"@id\":\"https:\\\/\\\/aura-haltero.fr\\\/index.php\\\/ligue\\\/#breadcrumb\",\"itemListElement\":[{\"@type\":\"ListItem\",\"position\":1,\"name\":\"Accueil\",\"item\":\"https:\\\/\\\/aura-haltero.fr\\\/\"},{\"@type\":\"ListItem\",\"position\":2,\"name\":\"Ligue\"}]},{\"@type\":\"WebSite\",\"@id\":\"https:\\\/\\\/aura-haltero.fr\\\/#website\",\"url\":\"https:\\\/\\\/aura-haltero.fr\\\/\",\"name\":\"LAURAHM\",\"description\":\"Ligue AURA Halt\u00e9rophilie-Musculation\",\"publisher\":{\"@id\":\"https:\\\/\\\/aura-haltero.fr\\\/#organization\"},\"potentialAction\":[{\"@type\":\"SearchAction\",\"target\":{\"@type\":\"EntryPoint\",\"urlTemplate\":\"https:\\\/\\\/aura-haltero.fr\\\/?s={search_term_string}\"},\"query-input\":{\"@type\":\"PropertyValueSpecification\",\"valueRequired\":true,\"valueName\":\"search_term_string\"}}],\"inLanguage\":\"fr-FR\"},{\"@type\":\"Organization\",\"@id\":\"https:\\\/\\\/aura-haltero.fr\\\/#organization\",\"name\":\"Ligue Auvergne Rh\u00f4ne Alpes d'Halt\u00e9rophilie-Musculation\",\"url\":\"https:\\\/\\\/aura-haltero.fr\\\/\",\"logo\":{\"@type\":\"ImageObject\",\"inLanguage\":\"fr-FR\",\"@id\":\"https:\\\/\\\/aura-haltero.fr\\\/#\\\/schema\\\/logo\\\/image\\\/\",\"url\":\"https:\\\/\\\/aura-haltero.fr\\\/wp-content\\\/uploads\\\/2023\\\/07\\\/Nouveau-logo-ligue-2.png\",\"contentUrl\":\"https:\\\/\\\/aura-haltero.fr\\\/wp-content\\\/uploads\\\/2023\\\/07\\\/Nouveau-logo-ligue-2.png\",\"width\":1399,\"height\":1398,\"caption\":\"Ligue Auvergne Rh\u00f4ne Alpes d'Halt\u00e9rophilie-Musculation\"},\"image\":{\"@id\":\"https:\\\/\\\/aura-haltero.fr\\\/#\\\/schema\\\/logo\\\/image\\\/\"},\"sameAs\":[\"https:\\\/\\\/www.facebook.com\\\/LigueAURAHM\",\"https:\\\/\\\/www.instagram.com\\\/ligueaurahm\\\/\"]}]}<\/script>\n<!-- \/ Yoast SEO plugin. -->","yoast_head_json":{"title":"Ligue - LAURAHM","robots":{"index":"index","follow":"follow","max-snippet":"max-snippet:-1","max-image-preview":"max-image-preview:large","max-video-preview":"max-video-preview:-1"},"canonical":"https:\/\/aura-haltero.fr\/index.php\/ligue\/","og_locale":"fr_FR","og_type":"article","og_title":"Ligue - LAURAHM","og_description":"La Ligue Auvergne Rh\u00f4ne-Alpes d&rsquo;Halt\u00e9rophilie-Musculation La ligue Auvergne Rhone-Alpes nait le 22 janvier 2017 de la fusion des comit\u00e9s r\u00e9gionaux d&rsquo;Auvergne et de Rhone-Alpesdans le cadre de la Loi NoTre portant sur la nouvelle organisation territoriale de la R\u00e9publique et la modification du d\u00e9coupage des r\u00e9gions. D\u00e9j\u00e0 en 2002 le comit\u00e9 du Dauphin\u00e9 Savoie et [&hellip;]","og_url":"https:\/\/aura-haltero.fr\/index.php\/ligue\/","og_site_name":"LAURAHM","article_publisher":"https:\/\/www.facebook.com\/LigueAURAHM","article_modified_time":"2025-02-04T16:56:11+00:00","twitter_card":"summary_large_image","twitter_misc":{"Dur\u00e9e de lecture estim\u00e9e":"3 minutes"},"schema":{"@context":"https:\/\/schema.org","@graph":[{"@type":"WebPage","@id":"https:\/\/aura-haltero.fr\/index.php\/ligue\/","url":"https:\/\/aura-haltero.fr\/index.php\/ligue\/","name":"Ligue - LAURAHM","isPartOf":{"@id":"https:\/\/aura-haltero.fr\/#website"},"datePublished":"2023-07-13T09:24:24+00:00","dateModified":"2025-02-04T16:56:11+00:00","breadcrumb":{"@id":"https:\/\/aura-haltero.fr\/index.php\/ligue\/#breadcrumb"},"inLanguage":"fr-FR","potentialAction":[{"@type":"ReadAction","target":["https:\/\/aura-haltero.fr\/index.php\/ligue\/"]}]},{"@type":"BreadcrumbList","@id":"https:\/\/aura-haltero.fr\/index.php\/ligue\/#breadcrumb","itemListElement":[{"@type":"ListItem","position":1,"name":"Accueil","item":"https:\/\/aura-haltero.fr\/"},{"@type":"ListItem","position":2,"name":"Ligue"}]},{"@type":"WebSite","@id":"https:\/\/aura-haltero.fr\/#website","url":"https:\/\/aura-haltero.fr\/","name":"LAURAHM","description":"Ligue AURA Halt\u00e9rophilie-Musculation","publisher":{"@id":"https:\/\/aura-haltero.fr\/#organization"},"potentialAction":[{"@type":"SearchAction","target":{"@type":"EntryPoint","urlTemplate":"https:\/\/aura-haltero.fr\/?s={search_term_string}"},"query-input":{"@type":"PropertyValueSpecification","valueRequired":true,"valueName":"search_term_string"}}],"inLanguage":"fr-FR"},{"@type":"Organization","@id":"https:\/\/aura-haltero.fr\/#organization","name":"Ligue Auvergne Rh\u00f4ne Alpes d'Halt\u00e9rophilie-Musculation","url":"https:\/\/aura-haltero.fr\/","logo":{"@type":"ImageObject","inLanguage":"fr-FR","@id":"https:\/\/aura-haltero.fr\/#\/schema\/logo\/image\/","url":"https:\/\/aura-haltero.fr\/wp-content\/uploads\/2023\/07\/Nouveau-logo-ligue-2.png","contentUrl":"https:\/\/aura-haltero.fr\/wp-content\/uploads\/2023\/07\/Nouveau-logo-ligue-2.png","width":1399,"height":1398,"caption":"Ligue Auvergne Rh\u00f4ne Alpes d'Halt\u00e9rophilie-Musculation"},"image":{"@id":"https:\/\/aura-haltero.fr\/#\/schema\/logo\/image\/"},"sameAs":["https:\/\/www.facebook.com\/LigueAURAHM","https:\/\/www.instagram.com\/ligueaurahm\/"]}]}},"jetpack_sharing_enabled":true,"_links":{"self":[{"href":"https:\/\/aura-haltero.fr\/index.php\/wp-json\/wp\/v2\/pages\/286","targetHints":{"allow":["GET"]}}],"collection":[{"href":"https:\/\/aura-haltero.fr\/index.php\/wp-json\/wp\/v2\/pages"}],"about":[{"href":"https:\/\/aura-haltero.fr\/index.php\/wp-json\/wp\/v2\/types\/page"}],"author":[{"embeddable":true,"href":"https:\/\/aura-haltero.fr\/index.php\/wp-json\/wp\/v2\/users\/2"}],"replies":[{"embeddable":true,"href":"https:\/\/aura-haltero.fr\/index.php\/wp-json\/wp\/v2\/comments?post=286"}],"version-history":[{"count":64,"href":"https:\/\/aura-haltero.fr\/index.php\/wp-json\/wp\/v2\/pages\/286\/revisions"}],"predecessor-version":[{"id":1634,"href":"https:\/\/aura-haltero.fr\/index.php\/wp-json\/wp\/v2\/pages\/286\/revisions\/1634"}],"wp:attachment":[{"href":"https:\/\/aura-haltero.fr\/index.php\/wp-json\/wp\/v2\/media?parent=286"}],"curies":[{"name":"wp","href":"https:\/\/api.w.org\/{rel}","templated":true}]}}