{"id":1118,"date":"2024-03-08T14:53:19","date_gmt":"2024-03-08T13:53:19","guid":{"rendered":"https:\/\/aura-haltero.fr\/?page_id=1118"},"modified":"2025-10-15T16:49:36","modified_gmt":"2025-10-15T14:49:36","slug":"telechargements","status":"publish","type":"page","link":"https:\/\/aura-haltero.fr\/index.php\/telechargements\/","title":{"rendered":"T\u00e9l\u00e9chargements"},"content":{"rendered":"\t\t<div data-elementor-type=\"wp-page\" data-elementor-id=\"1118\" class=\"elementor elementor-1118\" data-elementor-post-type=\"page\">\n\t\t\t\t\t\t<section class=\"elementor-section elementor-top-section elementor-element elementor-element-7250b450 elementor-section-boxed elementor-section-height-default elementor-section-height-default\" data-id=\"7250b450\" data-element_type=\"section\" data-settings=\"{&quot;background_background&quot;:&quot;classic&quot;}\">\n\t\t\t\t\t\t<div class=\"elementor-container elementor-column-gap-default\">\n\t\t\t\t\t<div class=\"elementor-column elementor-col-100 elementor-top-column elementor-element elementor-element-4bf65385\" data-id=\"4bf65385\" data-element_type=\"column\">\n\t\t\t<div class=\"elementor-widget-wrap elementor-element-populated\">\n\t\t\t\t\t\t<div class=\"elementor-element elementor-element-1f74f304 elementor-widget elementor-widget-spacer\" data-id=\"1f74f304\" data-element_type=\"widget\" data-widget_type=\"spacer.default\">\n\t\t\t\t<div class=\"elementor-widget-container\">\n\t\t\t\t\t\t\t<div class=\"elementor-spacer\">\n\t\t\t<div class=\"elementor-spacer-inner\"><\/div>\n\t\t<\/div>\n\t\t\t\t\t\t<\/div>\n\t\t\t\t<\/div>\n\t\t\t\t<div class=\"elementor-element elementor-element-6fba33b1 elementor-widget elementor-widget-heading\" data-id=\"6fba33b1\" data-element_type=\"widget\" data-widget_type=\"heading.default\">\n\t\t\t\t<div class=\"elementor-widget-container\">\n\t\t\t\t\t<h2 class=\"elementor-heading-title elementor-size-default\">T\u00e9l\u00e9chargements<\/h2>\t\t\t\t<\/div>\n\t\t\t\t<\/div>\n\t\t\t\t<div class=\"elementor-element elementor-element-6a75b36 elementor-widget elementor-widget-spacer\" data-id=\"6a75b36\" data-element_type=\"widget\" data-widget_type=\"spacer.default\">\n\t\t\t\t<div class=\"elementor-widget-container\">\n\t\t\t\t\t\t\t<div class=\"elementor-spacer\">\n\t\t\t<div class=\"elementor-spacer-inner\"><\/div>\n\t\t<\/div>\n\t\t\t\t\t\t<\/div>\n\t\t\t\t<\/div>\n\t\t\t\t\t<\/div>\n\t\t<\/div>\n\t\t\t\t\t<\/div>\n\t\t<\/section>\n\t\t\t\t<section class=\"elementor-section elementor-top-section elementor-element elementor-element-a89249b elementor-section-height-min-height elementor-section-items-top elementor-section-boxed elementor-section-height-default\" data-id=\"a89249b\" data-element_type=\"section\">\n\t\t\t\t\t\t<div class=\"elementor-container elementor-column-gap-default\">\n\t\t\t\t\t<div class=\"elementor-column elementor-col-100 elementor-top-column elementor-element elementor-element-5aea6fc\" data-id=\"5aea6fc\" data-element_type=\"column\">\n\t\t\t<div class=\"elementor-widget-wrap elementor-element-populated\">\n\t\t\t\t\t\t<div class=\"elementor-element elementor-element-5a6abd1 elementor-align-center elementor-widget elementor-widget-button\" data-id=\"5a6abd1\" data-element_type=\"widget\" data-widget_type=\"button.default\">\n\t\t\t\t<div class=\"elementor-widget-container\">\n\t\t\t\t\t\t\t\t\t<div class=\"elementor-button-wrapper\">\n\t\t\t\t\t<a class=\"elementor-button elementor-button-link elementor-size-sm\" href=\"https:\/\/aura-haltero.fr\/wp-content\/uploads\/2024\/03\/Demande-Remboursement-TYPE-AURA-20231.docx\" target=\"_blank\">\n\t\t\t\t\t\t<span class=\"elementor-button-content-wrapper\">\n\t\t\t\t\t\t\t\t\t<span class=\"elementor-button-text\">Note de Frais \/ Demande de Remboursement Arbitres<\/span>\n\t\t\t\t\t<\/span>\n\t\t\t\t\t<\/a>\n\t\t\t\t<\/div>\n\t\t\t\t\t\t\t\t<\/div>\n\t\t\t\t<\/div>\n\t\t\t\t<div class=\"elementor-element elementor-element-3c1e38e elementor-widget elementor-widget-spacer\" data-id=\"3c1e38e\" data-element_type=\"widget\" data-widget_type=\"spacer.default\">\n\t\t\t\t<div class=\"elementor-widget-container\">\n\t\t\t\t\t\t\t<div class=\"elementor-spacer\">\n\t\t\t<div class=\"elementor-spacer-inner\"><\/div>\n\t\t<\/div>\n\t\t\t\t\t\t<\/div>\n\t\t\t\t<\/div>\n\t\t\t\t<div class=\"elementor-element elementor-element-8a0061a elementor-align-center elementor-widget elementor-widget-button\" data-id=\"8a0061a\" data-element_type=\"widget\" data-widget_type=\"button.default\">\n\t\t\t\t<div class=\"elementor-widget-container\">\n\t\t\t\t\t\t\t\t\t<div class=\"elementor-button-wrapper\">\n\t\t\t\t\t<a class=\"elementor-button elementor-button-link elementor-size-sm\" href=\"https:\/\/aura-haltero.fr\/wp-content\/uploads\/2025\/10\/FEUILLE-DE-MATCH-EXCEL-INDIVIDUELS-SECOURS-AURA-2025-2026.xlsx\">\n\t\t\t\t\t\t<span class=\"elementor-button-content-wrapper\">\n\t\t\t\t\t\t\t\t\t<span class=\"elementor-button-text\">Feuille de Match SECOURS   INDIVIDUELS  2026     <\/span>\n\t\t\t\t\t<\/span>\n\t\t\t\t\t<\/a>\n\t\t\t\t<\/div>\n\t\t\t\t\t\t\t\t<\/div>\n\t\t\t\t<\/div>\n\t\t\t\t<div class=\"elementor-element elementor-element-741d295 elementor-align-center elementor-widget elementor-widget-button\" data-id=\"741d295\" data-element_type=\"widget\" data-widget_type=\"button.default\">\n\t\t\t\t<div class=\"elementor-widget-container\">\n\t\t\t\t\t\t\t\t\t<div class=\"elementor-button-wrapper\">\n\t\t\t\t\t<a class=\"elementor-button elementor-button-link elementor-size-sm\" href=\"https:\/\/aura-haltero.fr\/wp-content\/uploads\/2025\/10\/FEUILLE-DE-MATCH-pour-Championnats-par-Equipes-MIXTE-2025-2026-AURA-.xlsx\">\n\t\t\t\t\t\t<span class=\"elementor-button-content-wrapper\">\n\t\t\t\t\t\t\t\t\t<span class=\"elementor-button-text\">Feuille de Match Championnat R\u00e9gional AURA 2026<\/span>\n\t\t\t\t\t<\/span>\n\t\t\t\t\t<\/a>\n\t\t\t\t<\/div>\n\t\t\t\t\t\t\t\t<\/div>\n\t\t\t\t<\/div>\n\t\t\t\t\t<\/div>\n\t\t<\/div>\n\t\t\t\t\t<\/div>\n\t\t<\/section>\n\t\t\t\t<\/div>\n\t\t","protected":false},"excerpt":{"rendered":"<p>T\u00e9l\u00e9chargements Note de Frais \/ Demande de Remboursement Arbitres Feuille de Match SECOURS INDIVIDUELS 2026 Feuille de Match Championnat R\u00e9gional AURA 2026<\/p>\n","protected":false},"author":1,"featured_media":0,"parent":0,"menu_order":0,"comment_status":"closed","ping_status":"closed","template":"","meta":{"footnotes":""},"class_list":["post-1118","page","type-page","status-publish","hentry"],"yoast_head":"<!-- This site is optimized with the Yoast SEO plugin v27.4 - https:\/\/yoast.com\/product\/yoast-seo-wordpress\/ -->\n<title>T\u00e9l\u00e9chargements - LAURAHM<\/title>\n<meta name=\"robots\" content=\"index, follow, max-snippet:-1, max-image-preview:large, max-video-preview:-1\" \/>\n<link rel=\"canonical\" href=\"https:\/\/aura-haltero.fr\/index.php\/telechargements\/\" \/>\n<meta property=\"og:locale\" content=\"fr_FR\" \/>\n<meta property=\"og:type\" content=\"article\" \/>\n<meta property=\"og:title\" content=\"T\u00e9l\u00e9chargements - LAURAHM\" \/>\n<meta property=\"og:description\" content=\"T\u00e9l\u00e9chargements Note de Frais \/ Demande de Remboursement Arbitres Feuille de Match SECOURS INDIVIDUELS 2026 Feuille de Match Championnat R\u00e9gional AURA 2026\" \/>\n<meta property=\"og:url\" content=\"https:\/\/aura-haltero.fr\/index.php\/telechargements\/\" \/>\n<meta property=\"og:site_name\" content=\"LAURAHM\" \/>\n<meta property=\"article:publisher\" content=\"https:\/\/www.facebook.com\/LigueAURAHM\" \/>\n<meta property=\"article:modified_time\" content=\"2025-10-15T14:49:36+00:00\" \/>\n<meta name=\"twitter:card\" content=\"summary_large_image\" \/>\n<meta name=\"twitter:label1\" content=\"Dur\u00e9e de lecture estim\u00e9e\" \/>\n\t<meta name=\"twitter:data1\" content=\"1 minute\" \/>\n<script type=\"application\/ld+json\" class=\"yoast-schema-graph\">{\"@context\":\"https:\\\/\\\/schema.org\",\"@graph\":[{\"@type\":\"WebPage\",\"@id\":\"https:\\\/\\\/aura-haltero.fr\\\/index.php\\\/telechargements\\\/\",\"url\":\"https:\\\/\\\/aura-haltero.fr\\\/index.php\\\/telechargements\\\/\",\"name\":\"T\u00e9l\u00e9chargements - LAURAHM\",\"isPartOf\":{\"@id\":\"https:\\\/\\\/aura-haltero.fr\\\/#website\"},\"datePublished\":\"2024-03-08T13:53:19+00:00\",\"dateModified\":\"2025-10-15T14:49:36+00:00\",\"breadcrumb\":{\"@id\":\"https:\\\/\\\/aura-haltero.fr\\\/index.php\\\/telechargements\\\/#breadcrumb\"},\"inLanguage\":\"fr-FR\",\"potentialAction\":[{\"@type\":\"ReadAction\",\"target\":[\"https:\\\/\\\/aura-haltero.fr\\\/index.php\\\/telechargements\\\/\"]}]},{\"@type\":\"BreadcrumbList\",\"@id\":\"https:\\\/\\\/aura-haltero.fr\\\/index.php\\\/telechargements\\\/#breadcrumb\",\"itemListElement\":[{\"@type\":\"ListItem\",\"position\":1,\"name\":\"Accueil\",\"item\":\"https:\\\/\\\/aura-haltero.fr\\\/\"},{\"@type\":\"ListItem\",\"position\":2,\"name\":\"T\u00e9l\u00e9chargements\"}]},{\"@type\":\"WebSite\",\"@id\":\"https:\\\/\\\/aura-haltero.fr\\\/#website\",\"url\":\"https:\\\/\\\/aura-haltero.fr\\\/\",\"name\":\"LAURAHM\",\"description\":\"Ligue AURA Halt\u00e9rophilie-Musculation\",\"publisher\":{\"@id\":\"https:\\\/\\\/aura-haltero.fr\\\/#organization\"},\"potentialAction\":[{\"@type\":\"SearchAction\",\"target\":{\"@type\":\"EntryPoint\",\"urlTemplate\":\"https:\\\/\\\/aura-haltero.fr\\\/?s={search_term_string}\"},\"query-input\":{\"@type\":\"PropertyValueSpecification\",\"valueRequired\":true,\"valueName\":\"search_term_string\"}}],\"inLanguage\":\"fr-FR\"},{\"@type\":\"Organization\",\"@id\":\"https:\\\/\\\/aura-haltero.fr\\\/#organization\",\"name\":\"Ligue Auvergne Rh\u00f4ne Alpes d'Halt\u00e9rophilie-Musculation\",\"url\":\"https:\\\/\\\/aura-haltero.fr\\\/\",\"logo\":{\"@type\":\"ImageObject\",\"inLanguage\":\"fr-FR\",\"@id\":\"https:\\\/\\\/aura-haltero.fr\\\/#\\\/schema\\\/logo\\\/image\\\/\",\"url\":\"https:\\\/\\\/aura-haltero.fr\\\/wp-content\\\/uploads\\\/2023\\\/07\\\/Nouveau-logo-ligue-2.png\",\"contentUrl\":\"https:\\\/\\\/aura-haltero.fr\\\/wp-content\\\/uploads\\\/2023\\\/07\\\/Nouveau-logo-ligue-2.png\",\"width\":1399,\"height\":1398,\"caption\":\"Ligue Auvergne Rh\u00f4ne Alpes d'Halt\u00e9rophilie-Musculation\"},\"image\":{\"@id\":\"https:\\\/\\\/aura-haltero.fr\\\/#\\\/schema\\\/logo\\\/image\\\/\"},\"sameAs\":[\"https:\\\/\\\/www.facebook.com\\\/LigueAURAHM\",\"https:\\\/\\\/www.instagram.com\\\/ligueaurahm\\\/\"]}]}<\/script>\n<!-- \/ Yoast SEO plugin. -->","yoast_head_json":{"title":"T\u00e9l\u00e9chargements - LAURAHM","robots":{"index":"index","follow":"follow","max-snippet":"max-snippet:-1","max-image-preview":"max-image-preview:large","max-video-preview":"max-video-preview:-1"},"canonical":"https:\/\/aura-haltero.fr\/index.php\/telechargements\/","og_locale":"fr_FR","og_type":"article","og_title":"T\u00e9l\u00e9chargements - LAURAHM","og_description":"T\u00e9l\u00e9chargements Note de Frais \/ Demande de Remboursement Arbitres Feuille de Match SECOURS INDIVIDUELS 2026 Feuille de Match Championnat R\u00e9gional AURA 2026","og_url":"https:\/\/aura-haltero.fr\/index.php\/telechargements\/","og_site_name":"LAURAHM","article_publisher":"https:\/\/www.facebook.com\/LigueAURAHM","article_modified_time":"2025-10-15T14:49:36+00:00","twitter_card":"summary_large_image","twitter_misc":{"Dur\u00e9e de lecture estim\u00e9e":"1 minute"},"schema":{"@context":"https:\/\/schema.org","@graph":[{"@type":"WebPage","@id":"https:\/\/aura-haltero.fr\/index.php\/telechargements\/","url":"https:\/\/aura-haltero.fr\/index.php\/telechargements\/","name":"T\u00e9l\u00e9chargements - LAURAHM","isPartOf":{"@id":"https:\/\/aura-haltero.fr\/#website"},"datePublished":"2024-03-08T13:53:19+00:00","dateModified":"2025-10-15T14:49:36+00:00","breadcrumb":{"@id":"https:\/\/aura-haltero.fr\/index.php\/telechargements\/#breadcrumb"},"inLanguage":"fr-FR","potentialAction":[{"@type":"ReadAction","target":["https:\/\/aura-haltero.fr\/index.php\/telechargements\/"]}]},{"@type":"BreadcrumbList","@id":"https:\/\/aura-haltero.fr\/index.php\/telechargements\/#breadcrumb","itemListElement":[{"@type":"ListItem","position":1,"name":"Accueil","item":"https:\/\/aura-haltero.fr\/"},{"@type":"ListItem","position":2,"name":"T\u00e9l\u00e9chargements"}]},{"@type":"WebSite","@id":"https:\/\/aura-haltero.fr\/#website","url":"https:\/\/aura-haltero.fr\/","name":"LAURAHM","description":"Ligue AURA Halt\u00e9rophilie-Musculation","publisher":{"@id":"https:\/\/aura-haltero.fr\/#organization"},"potentialAction":[{"@type":"SearchAction","target":{"@type":"EntryPoint","urlTemplate":"https:\/\/aura-haltero.fr\/?s={search_term_string}"},"query-input":{"@type":"PropertyValueSpecification","valueRequired":true,"valueName":"search_term_string"}}],"inLanguage":"fr-FR"},{"@type":"Organization","@id":"https:\/\/aura-haltero.fr\/#organization","name":"Ligue Auvergne Rh\u00f4ne Alpes d'Halt\u00e9rophilie-Musculation","url":"https:\/\/aura-haltero.fr\/","logo":{"@type":"ImageObject","inLanguage":"fr-FR","@id":"https:\/\/aura-haltero.fr\/#\/schema\/logo\/image\/","url":"https:\/\/aura-haltero.fr\/wp-content\/uploads\/2023\/07\/Nouveau-logo-ligue-2.png","contentUrl":"https:\/\/aura-haltero.fr\/wp-content\/uploads\/2023\/07\/Nouveau-logo-ligue-2.png","width":1399,"height":1398,"caption":"Ligue Auvergne Rh\u00f4ne Alpes d'Halt\u00e9rophilie-Musculation"},"image":{"@id":"https:\/\/aura-haltero.fr\/#\/schema\/logo\/image\/"},"sameAs":["https:\/\/www.facebook.com\/LigueAURAHM","https:\/\/www.instagram.com\/ligueaurahm\/"]}]}},"jetpack_sharing_enabled":true,"_links":{"self":[{"href":"https:\/\/aura-haltero.fr\/index.php\/wp-json\/wp\/v2\/pages\/1118","targetHints":{"allow":["GET"]}}],"collection":[{"href":"https:\/\/aura-haltero.fr\/index.php\/wp-json\/wp\/v2\/pages"}],"about":[{"href":"https:\/\/aura-haltero.fr\/index.php\/wp-json\/wp\/v2\/types\/page"}],"author":[{"embeddable":true,"href":"https:\/\/aura-haltero.fr\/index.php\/wp-json\/wp\/v2\/users\/1"}],"replies":[{"embeddable":true,"href":"https:\/\/aura-haltero.fr\/index.php\/wp-json\/wp\/v2\/comments?post=1118"}],"version-history":[{"count":34,"href":"https:\/\/aura-haltero.fr\/index.php\/wp-json\/wp\/v2\/pages\/1118\/revisions"}],"predecessor-version":[{"id":1859,"href":"https:\/\/aura-haltero.fr\/index.php\/wp-json\/wp\/v2\/pages\/1118\/revisions\/1859"}],"wp:attachment":[{"href":"https:\/\/aura-haltero.fr\/index.php\/wp-json\/wp\/v2\/media?parent=1118"}],"curies":[{"name":"wp","href":"https:\/\/api.w.org\/{rel}","templated":true}]}}